{"id":10421,"date":"2025-05-28T13:00:20","date_gmt":"2025-05-28T13:00:20","guid":{"rendered":"https:\/\/test.vh10693.vh.net.pl\/azs_zakopane\/?page_id=10421"},"modified":"2025-09-26T15:11:38","modified_gmt":"2025-09-26T15:11:38","slug":"2025-2","status":"publish","type":"page","link":"https:\/\/test.vh10693.vh.net.pl\/azs_zakopane\/acss\/2025\/","title":{"rendered":"2025"},"content":{"rendered":"\t\t<div data-elementor-type=\"wp-page\" data-elementor-id=\"10421\" class=\"elementor elementor-10421\">\n\t\t\t\t\t\t<section class=\"elementor-section elementor-top-section elementor-element elementor-element-3a595de elementor-section-height-min-height elementor-section-content-middle elementor-section-boxed elementor-section-height-default elementor-section-items-middle\" data-id=\"3a595de\" data-element_type=\"section\" data-e-type=\"section\" data-settings=\"{&quot;background_background&quot;:&quot;gradient&quot;}\">\n\t\t\t\t\t\t<div class=\"elementor-container elementor-column-gap-default\">\n\t\t\t\t\t<div class=\"elementor-column elementor-col-100 elementor-top-column elementor-element elementor-element-e929cf0\" data-id=\"e929cf0\" data-element_type=\"column\" data-e-type=\"column\">\n\t\t\t<div class=\"elementor-widget-wrap elementor-element-populated\">\n\t\t\t\t\t\t<div class=\"elementor-element elementor-element-a11a4ef elementor-widget elementor-widget-html\" data-id=\"a11a4ef\" data-element_type=\"widget\" data-e-type=\"widget\" id=\"table\" data-widget_type=\"html.default\">\n\t\t\t\t<div class=\"elementor-widget-container\">\n\t\t\t\t\t<iframe style=\"width: 100%; min-height: 900px\" src=\"https:\/\/docs.google.com\/spreadsheets\/d\/e\/2PACX-1vQ9ku7nU_yWik5vM0BZR0TIGIkh5S8Lj8svAY8kBZ1nRsLHQK_NsWBU_-xPpWq4BIn6L2C4_ruLGhVV\/pubhtml?gid=0&amp;single=true&amp;widget=true&amp;headers=false\"><\/iframe>\t\t\t\t<\/div>\n\t\t\t\t<\/div>\n\t\t\t\t<div class=\"elementor-element elementor-element-3479629 elementor-hidden-desktop elementor-hidden-tablet elementor-hidden-mobile elementor-widget elementor-widget-shortcode\" data-id=\"3479629\" data-element_type=\"widget\" data-e-type=\"widget\" data-widget_type=\"shortcode.default\">\n\t\t\t\t<div class=\"elementor-widget-container\">\n\t\t\t\t\t\t\t<div class=\"elementor-shortcode\">\n<table id=\"tablepress-4\" class=\"tablepress tablepress-id-4\">\n<tbody class=\"row-striping row-hover\">\n<tr class=\"row-1\">\n\t<td class=\"column-1\">ZA<\/td><td class=\"column-2\">SN<\/td><td class=\"column-3\">1<\/td><td class=\"column-4\">2025-01-03<\/td><td class=\"column-5\">2025-01-16<\/td><td class=\"column-6\">1<\/td><td class=\"column-7\">7<\/td><td class=\"column-8\">2<\/td><td class=\"column-9\">Zakopane i okolice<\/td><td class=\"column-10\">6 610,00<\/td><td class=\"column-11\">Lubo\u0144ski Jakub, Stok\u0142osa Natalia, Piwowarczyk Natasza, Kula Maria, P\u00f3\u0142torak Karolina, Wilk Micha\u0142, Michura Klaudia<\/td><td class=\"column-12\"><\/td><td class=\"column-13\"><\/td><td class=\"column-14\"><\/td><td class=\"column-15\"><\/td><td class=\"column-16\"><\/td><td class=\"column-17\"><\/td><td class=\"column-18\"><\/td><td class=\"column-19\"><\/td><td class=\"column-20\"><\/td>\n<\/tr>\n<tr class=\"row-2\">\n\t<td class=\"column-1\">ZA<\/td><td class=\"column-2\">SN<\/td><td class=\"column-3\">1<\/td><td class=\"column-4\">2025-01-08<\/td><td class=\"column-5\">2025-01-11<\/td><td class=\"column-6\">4<\/td><td class=\"column-7\">1<\/td><td class=\"column-8\">0<\/td><td class=\"column-9\">Folgaria<\/td><td class=\"column-10\">1 834,21<\/td><td class=\"column-11\">Wilk Micha\u0142<\/td><td class=\"column-12\"><\/td><td class=\"column-13\"><\/td><td class=\"column-14\"><\/td><td class=\"column-15\"><\/td><td class=\"column-16\"><\/td><td class=\"column-17\"><\/td><td class=\"column-18\"><\/td><td class=\"column-19\"><\/td><td class=\"column-20\"><\/td>\n<\/tr>\n<tr class=\"row-3\">\n\t<td class=\"column-1\">ZA<\/td><td class=\"column-2\">\u0141S<\/td><td class=\"column-3\">1<\/td><td class=\"column-4\">2025-01-12<\/td><td class=\"column-5\">2025-01-20<\/td><td class=\"column-6\">1<\/td><td class=\"column-7\">2<\/td><td class=\"column-8\">0<\/td><td class=\"column-9\">Tomasz\u00f3w Mazowiecki<\/td><td class=\"column-10\">2 400,00<\/td><td class=\"column-11\">Karol Karczewski, Mateusz Kania<\/td><td class=\"column-12\"><\/td><td class=\"column-13\"><\/td><td class=\"column-14\"><\/td><td class=\"column-15\"><\/td><td class=\"column-16\"><\/td><td class=\"column-17\"><\/td><td class=\"column-18\"><\/td><td class=\"column-19\"><\/td><td class=\"column-20\"><\/td>\n<\/tr>\n<tr class=\"row-4\">\n\t<td class=\"column-1\">ZA<\/td><td class=\"column-2\">SN<\/td><td class=\"column-3\">2<\/td><td class=\"column-4\">2025-01-17<\/td><td class=\"column-5\">2025-01-19<\/td><td class=\"column-6\">4<\/td><td class=\"column-7\">2<\/td><td class=\"column-8\">0<\/td><td class=\"column-9\">Dolni Morava<\/td><td class=\"column-10\">1 693,05<\/td><td class=\"column-11\">P\u00f3\u0142torak Karolina, Kula Maria<\/td><td class=\"column-12\"><\/td><td class=\"column-13\"><\/td><td class=\"column-14\"><\/td><td class=\"column-15\"><\/td><td class=\"column-16\"><\/td><td class=\"column-17\"><\/td><td class=\"column-18\"><\/td><td class=\"column-19\"><\/td><td class=\"column-20\"><\/td>\n<\/tr>\n<tr class=\"row-5\">\n\t<td class=\"column-1\">ZA<\/td><td class=\"column-2\">SN<\/td><td class=\"column-3\">3<\/td><td class=\"column-4\">2025-01-23<\/td><td class=\"column-5\">2025-01-26<\/td><td class=\"column-6\">4<\/td><td class=\"column-7\">3<\/td><td class=\"column-8\">1<\/td><td class=\"column-9\">Simonhohe<\/td><td class=\"column-10\">6 100,19<\/td><td class=\"column-11\">Stok\u0142osa Natalia, Lubo\u0144ski Jakub, Wilk Micha\u0142<\/td><td class=\"column-12\"><\/td><td class=\"column-13\"><\/td><td class=\"column-14\"><\/td><td class=\"column-15\"><\/td><td class=\"column-16\"><\/td><td class=\"column-17\"><\/td><td class=\"column-18\"><\/td><td class=\"column-19\"><\/td><td class=\"column-20\"><\/td>\n<\/tr>\n<tr class=\"row-6\">\n\t<td class=\"column-1\">ZA<\/td><td class=\"column-2\">SN<\/td><td class=\"column-3\">4<\/td><td class=\"column-4\">2025-01-29<\/td><td class=\"column-5\">2025-02-03<\/td><td class=\"column-6\">4<\/td><td class=\"column-7\">3<\/td><td class=\"column-8\">1<\/td><td class=\"column-9\">Stara Planina<\/td><td class=\"column-10\">9 557,69<\/td><td class=\"column-11\">Sitarz Micha\u0142 + Kula Maria, Michura Klaudia, Kaciczak Bart\u0142omiej<\/td><td class=\"column-12\"><\/td><td class=\"column-13\"><\/td><td class=\"column-14\"><\/td><td class=\"column-15\"><\/td><td class=\"column-16\"><\/td><td class=\"column-17\"><\/td><td class=\"column-18\"><\/td><td class=\"column-19\"><\/td><td class=\"column-20\"><\/td>\n<\/tr>\n<tr class=\"row-7\">\n\t<td class=\"column-1\">ZA<\/td><td class=\"column-2\">\u0141S<\/td><td class=\"column-3\">2<\/td><td class=\"column-4\">2025-02-03<\/td><td class=\"column-5\">2025-02-09<\/td><td class=\"column-6\">1<\/td><td class=\"column-7\">3<\/td><td class=\"column-8\">0<\/td><td class=\"column-9\">Tomasz\u00f3w Mazowiecki<\/td><td class=\"column-10\">2 700,00<\/td><td class=\"column-11\">Maksymilian Rzepka, Liwia Kubin, Magdalena Sm\u0119dzik<\/td><td class=\"column-12\"><\/td><td class=\"column-13\"><\/td><td class=\"column-14\"><\/td><td class=\"column-15\"><\/td><td class=\"column-16\"><\/td><td class=\"column-17\"><\/td><td class=\"column-18\"><\/td><td class=\"column-19\"><\/td><td class=\"column-20\"><\/td>\n<\/tr>\n<tr class=\"row-8\">\n\t<td class=\"column-1\">ZA<\/td><td class=\"column-2\">SN<\/td><td class=\"column-3\">5<\/td><td class=\"column-4\">2025-02-07<\/td><td class=\"column-5\">2025-02-09<\/td><td class=\"column-6\">4<\/td><td class=\"column-7\">4<\/td><td class=\"column-8\">0<\/td><td class=\"column-9\">Simonhohe<\/td><td class=\"column-10\">6 167,19<\/td><td class=\"column-11\">Stok\u0142osa Natalia, Wilk Micha\u0142, Kula Maria, P\u00f3\u0142torak Karolina<\/td><td class=\"column-12\"><\/td><td class=\"column-13\"><\/td><td class=\"column-14\"><\/td><td class=\"column-15\"><\/td><td class=\"column-16\"><\/td><td class=\"column-17\"><\/td><td class=\"column-18\"><\/td><td class=\"column-19\"><\/td><td class=\"column-20\"><\/td>\n<\/tr>\n<tr class=\"row-9\">\n\t<td class=\"column-1\">ZA<\/td><td class=\"column-2\">\u0141S<\/td><td class=\"column-3\">3<\/td><td class=\"column-4\">2025-02-22<\/td><td class=\"column-5\">2025-02-28<\/td><td class=\"column-6\">1<\/td><td class=\"column-7\">2<\/td><td class=\"column-8\">0<\/td><td class=\"column-9\">Tomasz\u00f3w Mazowiecki<\/td><td class=\"column-10\">1 800,00<\/td><td class=\"column-11\">Karol Karczewski, Mateusz Kania<\/td><td class=\"column-12\"><\/td><td class=\"column-13\"><\/td><td class=\"column-14\"><\/td><td class=\"column-15\"><\/td><td class=\"column-16\"><\/td><td class=\"column-17\"><\/td><td class=\"column-18\"><\/td><td class=\"column-19\"><\/td><td class=\"column-20\"><\/td>\n<\/tr>\n<tr class=\"row-10\">\n\t<td class=\"column-1\">ZA<\/td><td class=\"column-2\">SN<\/td><td class=\"column-3\">1<\/td><td class=\"column-4\">2025-03-01<\/td><td class=\"column-5\">2025-03-02<\/td><td class=\"column-6\">3<\/td><td class=\"column-7\">1<\/td><td class=\"column-8\">0<\/td><td class=\"column-9\">Krynica Zdr\u00f3j<\/td><td class=\"column-10\">286,00<\/td><td class=\"column-11\">Kula Maria<\/td><td class=\"column-12\"><\/td><td class=\"column-13\"><\/td><td class=\"column-14\"><\/td><td class=\"column-15\"><\/td><td class=\"column-16\"><\/td><td class=\"column-17\"><\/td><td class=\"column-18\"><\/td><td class=\"column-19\"><\/td><td class=\"column-20\"><\/td>\n<\/tr>\n<tr class=\"row-11\">\n\t<td class=\"column-1\">ZA<\/td><td class=\"column-2\">SN<\/td><td class=\"column-3\">6<\/td><td class=\"column-4\">2025-03-27<\/td><td class=\"column-5\">2025-03-29<\/td><td class=\"column-6\">4<\/td><td class=\"column-7\">4<\/td><td class=\"column-8\">0<\/td><td class=\"column-9\">Krvavec<\/td><td class=\"column-10\">5 626,11<\/td><td class=\"column-11\">P\u00f3\u0142torak Karolina, Kula Maria, Stok\u0142osa Natalia, Wilk Micha\u0142<\/td><td class=\"column-12\"><\/td><td class=\"column-13\"><\/td><td class=\"column-14\"><\/td><td class=\"column-15\"><\/td><td class=\"column-16\"><\/td><td class=\"column-17\"><\/td><td class=\"column-18\"><\/td><td class=\"column-19\"><\/td><td class=\"column-20\"><\/td>\n<\/tr>\n<tr class=\"row-12\">\n\t<td class=\"column-1\">ZA<\/td><td class=\"column-2\">NKk<\/td><td class=\"column-3\">1<\/td><td class=\"column-4\">2025-05-19<\/td><td class=\"column-5\">2025-05-29<\/td><td class=\"column-6\">1<\/td><td class=\"column-7\">1<\/td><td class=\"column-8\">2<\/td><td class=\"column-9\">Zakopane<\/td><td class=\"column-10\">2\u00a0775,00<\/td><td class=\"column-11\">Pawe\u0142 G\u0105sior, Kacper Stosel, Szymon Dubiel<\/td><td class=\"column-12\"><\/td><td class=\"column-13\"><\/td><td class=\"column-14\"><\/td><td class=\"column-15\"><\/td><td class=\"column-16\"><\/td><td class=\"column-17\"><\/td><td class=\"column-18\"><\/td><td class=\"column-19\"><\/td><td class=\"column-20\"><\/td>\n<\/tr>\n<tr class=\"row-13\">\n\t<td class=\"column-1\">ZA<\/td><td class=\"column-2\">NKs<\/td><td class=\"column-3\">1<\/td><td class=\"column-4\">2025-05-19<\/td><td class=\"column-5\">2025-05-29<\/td><td class=\"column-6\">1<\/td><td class=\"column-7\">1<\/td><td class=\"column-8\">2<\/td><td class=\"column-9\">Zakopane<\/td><td class=\"column-10\">2\u00a0775,00<\/td><td class=\"column-11\">Pawe\u0142 G\u0105sior, Kacper Stosel, Mateusz Gruszka<\/td><td class=\"column-12\"><\/td><td class=\"column-13\"><\/td><td class=\"column-14\"><\/td><td class=\"column-15\"><\/td><td class=\"column-16\"><\/td><td class=\"column-17\"><\/td><td class=\"column-18\"><\/td><td class=\"column-19\"><\/td><td class=\"column-20\"><\/td>\n<\/tr>\n<tr class=\"row-14\">\n\t<td class=\"column-1\">ZA<\/td><td class=\"column-2\">NKk<\/td><td class=\"column-3\">2<\/td><td class=\"column-4\">2025-06-11<\/td><td class=\"column-5\">2025-06-13<\/td><td class=\"column-6\">1<\/td><td class=\"column-7\">1<\/td><td class=\"column-8\">1<\/td><td class=\"column-9\">Szczyrk<\/td><td class=\"column-10\">1 375,00<\/td><td class=\"column-11\">Kacper Stosel,\u00a0Szymon\u00a0Dubiel<\/td><td class=\"column-12\"><\/td><td class=\"column-13\"><\/td><td class=\"column-14\"><\/td><td class=\"column-15\"><\/td><td class=\"column-16\"><\/td><td class=\"column-17\"><\/td><td class=\"column-18\"><\/td><td class=\"column-19\"><\/td><td class=\"column-20\"><\/td>\n<\/tr>\n<\/tbody>\n<\/table>\n<!-- #tablepress-4 from cache --><\/div>\n\t\t\t\t\t\t<\/div>\n\t\t\t\t<\/div>\n\t\t\t\t<div class=\"elementor-element elementor-element-cd2b140 elementor-widget elementor-widget-text-editor\" data-id=\"cd2b140\" data-element_type=\"widget\" data-e-type=\"widget\" data-widget_type=\"text-editor.default\">\n\t\t\t\t<div class=\"elementor-widget-container\">\n\t\t\t\t\t\t\t\t\tDofinansowano ze \u015brodk\u00f3w Funduszu Rozwoju Kultury Fizycznej, kt\u00f3rych  dysponentem jest Minister Sportu i Turystyki \t\t\t\t\t\t\t\t<\/div>\n\t\t\t\t<\/div>\n\t\t\t\t<div class=\"elementor-element elementor-element-55236d7 elementor-widget elementor-widget-image\" data-id=\"55236d7\" data-element_type=\"widget\" data-e-type=\"widget\" data-widget_type=\"image.default\">\n\t\t\t\t<div class=\"elementor-widget-container\">\n\t\t\t\t\t\t\t\t\t\t\t\t\t\t\t<img fetchpriority=\"high\" decoding=\"async\" width=\"800\" height=\"266\" src=\"https:\/\/test.vh10693.vh.net.pl\/azs_zakopane\/wp-content\/uploads\/2024\/07\/znaki_strona_www-1-1024x341.png\" class=\"attachment-large size-large wp-image-9941\" alt=\"\" srcset=\"https:\/\/test.vh10693.vh.net.pl\/azs_zakopane\/wp-content\/uploads\/2024\/07\/znaki_strona_www-1-1024x341.png 1024w, https:\/\/test.vh10693.vh.net.pl\/azs_zakopane\/wp-content\/uploads\/2024\/07\/znaki_strona_www-1-300x100.png 300w, https:\/\/test.vh10693.vh.net.pl\/azs_zakopane\/wp-content\/uploads\/2024\/07\/znaki_strona_www-1-768x256.png 768w, https:\/\/test.vh10693.vh.net.pl\/azs_zakopane\/wp-content\/uploads\/2024\/07\/znaki_strona_www-1-1536x511.png 1536w, https:\/\/test.vh10693.vh.net.pl\/azs_zakopane\/wp-content\/uploads\/2024\/07\/znaki_strona_www-1.png 1751w\" sizes=\"(max-width: 800px) 100vw, 800px\" \/>\t\t\t\t\t\t\t\t\t\t\t\t\t\t\t<\/div>\n\t\t\t\t<\/div>\n\t\t\t\t<div class=\"elementor-element elementor-element-adc3c0a elementor-widget elementor-widget-text-editor\" data-id=\"adc3c0a\" data-element_type=\"widget\" data-e-type=\"widget\" data-widget_type=\"text-editor.default\">\n\t\t\t\t<div class=\"elementor-widget-container\">\n\t\t\t\t\t\t\t\t\tMinister Sportu i Turystyki\t\t\t\t\t\t\t\t<\/div>\n\t\t\t\t<\/div>\n\t\t\t\t\t<\/div>\n\t\t<\/div>\n\t\t\t\t\t<\/div>\n\t\t<\/section>\n\t\t\t\t<\/div>\n\t\t","protected":false},"excerpt":{"rendered":"<p>Dofinansowano ze \u015brodk\u00f3w Funduszu Rozwoju Kultury Fizycznej, kt\u00f3rych dysponentem jest Minister Sportu i Turystyki Minister Sportu i Turystyki<\/p>\n","protected":false},"author":1,"featured_media":0,"parent":958,"menu_order":0,"comment_status":"closed","ping_status":"closed","template":"elementor_header_footer","meta":{"footnotes":""},"class_list":["post-10421","page","type-page","status-publish","hentry"],"yoast_head":"<!-- This site is optimized with the Yoast SEO Premium plugin v20.8 (Yoast SEO v27.6) - https:\/\/yoast.com\/product\/yoast-seo-premium-wordpress\/ -->\n<title>2025 - AZS Zakopane<\/title>\n<meta name=\"robots\" content=\"index, follow, max-snippet:-1, max-image-preview:large, max-video-preview:-1\" \/>\n<link rel=\"canonical\" href=\"https:\/\/test.vh10693.vh.net.pl\/azs_zakopane\/acss\/2025\/\" \/>\n<meta property=\"og:locale\" content=\"pl_PL\" \/>\n<meta property=\"og:type\" content=\"article\" \/>\n<meta property=\"og:title\" content=\"2025\" \/>\n<meta property=\"og:description\" content=\"Dofinansowano ze \u015brodk\u00f3w Funduszu Rozwoju Kultury Fizycznej, kt\u00f3rych dysponentem jest Minister Sportu i Turystyki Minister Sportu i Turystyki\" \/>\n<meta property=\"og:url\" content=\"https:\/\/test.vh10693.vh.net.pl\/azs_zakopane\/acss\/2025\/\" \/>\n<meta property=\"og:site_name\" content=\"AZS Zakopane\" \/>\n<meta property=\"article:modified_time\" content=\"2025-09-26T15:11:38+00:00\" \/>\n<meta property=\"og:image\" content=\"https:\/\/test.vh10693.vh.net.pl\/azs_zakopane\/wp-content\/uploads\/2024\/07\/znaki_strona_www-1.png\" \/>\n\t<meta property=\"og:image:width\" content=\"1751\" \/>\n\t<meta property=\"og:image:height\" content=\"583\" \/>\n\t<meta property=\"og:image:type\" content=\"image\/png\" \/>\n<meta name=\"twitter:card\" content=\"summary_large_image\" \/>\n<meta name=\"twitter:label1\" content=\"Szacowany czas czytania\" \/>\n\t<meta name=\"twitter:data1\" content=\"1 minuta\" \/>\n<script type=\"application\/ld+json\" class=\"yoast-schema-graph\">{\"@context\":\"https:\\\/\\\/schema.org\",\"@graph\":[{\"@type\":\"WebPage\",\"@id\":\"https:\\\/\\\/test.vh10693.vh.net.pl\\\/azs_zakopane\\\/acss\\\/2025\\\/\",\"url\":\"https:\\\/\\\/test.vh10693.vh.net.pl\\\/azs_zakopane\\\/acss\\\/2025\\\/\",\"name\":\"2025 - AZS Zakopane\",\"isPartOf\":{\"@id\":\"https:\\\/\\\/test.vh10693.vh.net.pl\\\/azs_zakopane\\\/#website\"},\"primaryImageOfPage\":{\"@id\":\"https:\\\/\\\/test.vh10693.vh.net.pl\\\/azs_zakopane\\\/acss\\\/2025\\\/#primaryimage\"},\"image\":{\"@id\":\"https:\\\/\\\/test.vh10693.vh.net.pl\\\/azs_zakopane\\\/acss\\\/2025\\\/#primaryimage\"},\"thumbnailUrl\":\"https:\\\/\\\/test.vh10693.vh.net.pl\\\/azs_zakopane\\\/wp-content\\\/uploads\\\/2024\\\/07\\\/znaki_strona_www-1-1024x341.png\",\"datePublished\":\"2025-05-28T13:00:20+00:00\",\"dateModified\":\"2025-09-26T15:11:38+00:00\",\"breadcrumb\":{\"@id\":\"https:\\\/\\\/test.vh10693.vh.net.pl\\\/azs_zakopane\\\/acss\\\/2025\\\/#breadcrumb\"},\"inLanguage\":\"pl-PL\",\"potentialAction\":[{\"@type\":\"ReadAction\",\"target\":[\"https:\\\/\\\/test.vh10693.vh.net.pl\\\/azs_zakopane\\\/acss\\\/2025\\\/\"]}]},{\"@type\":\"ImageObject\",\"inLanguage\":\"pl-PL\",\"@id\":\"https:\\\/\\\/test.vh10693.vh.net.pl\\\/azs_zakopane\\\/acss\\\/2025\\\/#primaryimage\",\"url\":\"https:\\\/\\\/test.vh10693.vh.net.pl\\\/azs_zakopane\\\/wp-content\\\/uploads\\\/2024\\\/07\\\/znaki_strona_www-1.png\",\"contentUrl\":\"https:\\\/\\\/test.vh10693.vh.net.pl\\\/azs_zakopane\\\/wp-content\\\/uploads\\\/2024\\\/07\\\/znaki_strona_www-1.png\",\"width\":1751,\"height\":583},{\"@type\":\"BreadcrumbList\",\"@id\":\"https:\\\/\\\/test.vh10693.vh.net.pl\\\/azs_zakopane\\\/acss\\\/2025\\\/#breadcrumb\",\"itemListElement\":[{\"@type\":\"ListItem\",\"position\":1,\"name\":\"Home\",\"item\":\"https:\\\/\\\/test.vh10693.vh.net.pl\\\/azs_zakopane\\\/sales-landing-4-4\\\/\"},{\"@type\":\"ListItem\",\"position\":2,\"name\":\"ACSS\",\"item\":\"https:\\\/\\\/test.vh10693.vh.net.pl\\\/azs_zakopane\\\/acss\\\/\"},{\"@type\":\"ListItem\",\"position\":3,\"name\":\"2025\"}]},{\"@type\":\"WebSite\",\"@id\":\"https:\\\/\\\/test.vh10693.vh.net.pl\\\/azs_zakopane\\\/#website\",\"url\":\"https:\\\/\\\/test.vh10693.vh.net.pl\\\/azs_zakopane\\\/\",\"name\":\"AZS Zakopane\",\"description\":\"AZS Zakopane\",\"potentialAction\":[{\"@type\":\"SearchAction\",\"target\":{\"@type\":\"EntryPoint\",\"urlTemplate\":\"https:\\\/\\\/test.vh10693.vh.net.pl\\\/azs_zakopane\\\/?s={search_term_string}\"},\"query-input\":{\"@type\":\"PropertyValueSpecification\",\"valueRequired\":true,\"valueName\":\"search_term_string\"}}],\"inLanguage\":\"pl-PL\"}]}<\/script>\n<!-- \/ Yoast SEO Premium plugin. -->","yoast_head_json":{"title":"2025 - AZS Zakopane","robots":{"index":"index","follow":"follow","max-snippet":"max-snippet:-1","max-image-preview":"max-image-preview:large","max-video-preview":"max-video-preview:-1"},"canonical":"https:\/\/test.vh10693.vh.net.pl\/azs_zakopane\/acss\/2025\/","og_locale":"pl_PL","og_type":"article","og_title":"2025","og_description":"Dofinansowano ze \u015brodk\u00f3w Funduszu Rozwoju Kultury Fizycznej, kt\u00f3rych dysponentem jest Minister Sportu i Turystyki Minister Sportu i Turystyki","og_url":"https:\/\/test.vh10693.vh.net.pl\/azs_zakopane\/acss\/2025\/","og_site_name":"AZS Zakopane","article_modified_time":"2025-09-26T15:11:38+00:00","og_image":[{"width":1751,"height":583,"url":"https:\/\/test.vh10693.vh.net.pl\/azs_zakopane\/wp-content\/uploads\/2024\/07\/znaki_strona_www-1.png","type":"image\/png"}],"twitter_card":"summary_large_image","twitter_misc":{"Szacowany czas czytania":"1 minuta"},"schema":{"@context":"https:\/\/schema.org","@graph":[{"@type":"WebPage","@id":"https:\/\/test.vh10693.vh.net.pl\/azs_zakopane\/acss\/2025\/","url":"https:\/\/test.vh10693.vh.net.pl\/azs_zakopane\/acss\/2025\/","name":"2025 - AZS Zakopane","isPartOf":{"@id":"https:\/\/test.vh10693.vh.net.pl\/azs_zakopane\/#website"},"primaryImageOfPage":{"@id":"https:\/\/test.vh10693.vh.net.pl\/azs_zakopane\/acss\/2025\/#primaryimage"},"image":{"@id":"https:\/\/test.vh10693.vh.net.pl\/azs_zakopane\/acss\/2025\/#primaryimage"},"thumbnailUrl":"https:\/\/test.vh10693.vh.net.pl\/azs_zakopane\/wp-content\/uploads\/2024\/07\/znaki_strona_www-1-1024x341.png","datePublished":"2025-05-28T13:00:20+00:00","dateModified":"2025-09-26T15:11:38+00:00","breadcrumb":{"@id":"https:\/\/test.vh10693.vh.net.pl\/azs_zakopane\/acss\/2025\/#breadcrumb"},"inLanguage":"pl-PL","potentialAction":[{"@type":"ReadAction","target":["https:\/\/test.vh10693.vh.net.pl\/azs_zakopane\/acss\/2025\/"]}]},{"@type":"ImageObject","inLanguage":"pl-PL","@id":"https:\/\/test.vh10693.vh.net.pl\/azs_zakopane\/acss\/2025\/#primaryimage","url":"https:\/\/test.vh10693.vh.net.pl\/azs_zakopane\/wp-content\/uploads\/2024\/07\/znaki_strona_www-1.png","contentUrl":"https:\/\/test.vh10693.vh.net.pl\/azs_zakopane\/wp-content\/uploads\/2024\/07\/znaki_strona_www-1.png","width":1751,"height":583},{"@type":"BreadcrumbList","@id":"https:\/\/test.vh10693.vh.net.pl\/azs_zakopane\/acss\/2025\/#breadcrumb","itemListElement":[{"@type":"ListItem","position":1,"name":"Home","item":"https:\/\/test.vh10693.vh.net.pl\/azs_zakopane\/sales-landing-4-4\/"},{"@type":"ListItem","position":2,"name":"ACSS","item":"https:\/\/test.vh10693.vh.net.pl\/azs_zakopane\/acss\/"},{"@type":"ListItem","position":3,"name":"2025"}]},{"@type":"WebSite","@id":"https:\/\/test.vh10693.vh.net.pl\/azs_zakopane\/#website","url":"https:\/\/test.vh10693.vh.net.pl\/azs_zakopane\/","name":"AZS Zakopane","description":"AZS Zakopane","potentialAction":[{"@type":"SearchAction","target":{"@type":"EntryPoint","urlTemplate":"https:\/\/test.vh10693.vh.net.pl\/azs_zakopane\/?s={search_term_string}"},"query-input":{"@type":"PropertyValueSpecification","valueRequired":true,"valueName":"search_term_string"}}],"inLanguage":"pl-PL"}]}},"_links":{"self":[{"href":"https:\/\/test.vh10693.vh.net.pl\/azs_zakopane\/wp-json\/wp\/v2\/pages\/10421","targetHints":{"allow":["GET"]}}],"collection":[{"href":"https:\/\/test.vh10693.vh.net.pl\/azs_zakopane\/wp-json\/wp\/v2\/pages"}],"about":[{"href":"https:\/\/test.vh10693.vh.net.pl\/azs_zakopane\/wp-json\/wp\/v2\/types\/page"}],"author":[{"embeddable":true,"href":"https:\/\/test.vh10693.vh.net.pl\/azs_zakopane\/wp-json\/wp\/v2\/users\/1"}],"replies":[{"embeddable":true,"href":"https:\/\/test.vh10693.vh.net.pl\/azs_zakopane\/wp-json\/wp\/v2\/comments?post=10421"}],"version-history":[{"count":0,"href":"https:\/\/test.vh10693.vh.net.pl\/azs_zakopane\/wp-json\/wp\/v2\/pages\/10421\/revisions"}],"up":[{"embeddable":true,"href":"https:\/\/test.vh10693.vh.net.pl\/azs_zakopane\/wp-json\/wp\/v2\/pages\/958"}],"wp:attachment":[{"href":"https:\/\/test.vh10693.vh.net.pl\/azs_zakopane\/wp-json\/wp\/v2\/media?parent=10421"}],"curies":[{"name":"wp","href":"https:\/\/api.w.org\/{rel}","templated":true}]}}