{"id":1245,"date":"2022-06-17T16:54:44","date_gmt":"2022-06-17T16:54:44","guid":{"rendered":"https:\/\/test.vh10693.vh.net.pl\/azs_zakopane\/?page_id=1245"},"modified":"2026-03-12T14:28:44","modified_gmt":"2026-03-12T14:28:44","slug":"biegi-narciarskie","status":"publish","type":"page","link":"https:\/\/test.vh10693.vh.net.pl\/azs_zakopane\/biegi-narciarskie\/","title":{"rendered":"Biegi Narciarskie"},"content":{"rendered":"\t\t<div data-elementor-type=\"wp-page\" data-elementor-id=\"1245\" class=\"elementor elementor-1245\">\n\t\t\t\t\t\t<section class=\"elementor-section elementor-top-section elementor-element elementor-element-a8bdf9d elementor-section-boxed elementor-section-height-default elementor-section-height-default\" data-id=\"a8bdf9d\" data-element_type=\"section\" data-e-type=\"section\" data-settings=\"{&quot;background_background&quot;:&quot;gradient&quot;}\">\n\t\t\t\t\t\t<div class=\"elementor-container elementor-column-gap-default\">\n\t\t\t\t\t<div class=\"elementor-column elementor-col-100 elementor-top-column elementor-element elementor-element-6807ba3\" data-id=\"6807ba3\" data-element_type=\"column\" data-e-type=\"column\">\n\t\t\t<div class=\"elementor-widget-wrap elementor-element-populated\">\n\t\t\t\t\t\t<div class=\"elementor-element elementor-element-3495bde elementor-nav-menu__align-left elementor-nav-menu--dropdown-none elementor-hidden-tablet elementor-hidden-mobile elementor-widget elementor-widget-nav-menu\" data-id=\"3495bde\" data-element_type=\"widget\" data-e-type=\"widget\" data-settings=\"{&quot;layout&quot;:&quot;horizontal&quot;,&quot;submenu_icon&quot;:{&quot;value&quot;:&quot;&lt;i class=\\&quot;fas fa-caret-down\\&quot;&gt;&lt;\\\/i&gt;&quot;,&quot;library&quot;:&quot;fa-solid&quot;}}\" data-widget_type=\"nav-menu.default\">\n\t\t\t\t<div class=\"elementor-widget-container\">\n\t\t\t\t\t\t\t\t<nav migration_allowed=\"1\" migrated=\"0\" role=\"navigation\" class=\"elementor-nav-menu--main elementor-nav-menu__container elementor-nav-menu--layout-horizontal e--pointer-underline e--animation-fade\">\n\t\t\t\t<ul id=\"menu-1-3495bde\" class=\"elementor-nav-menu\"><li class=\"menu-item menu-item-type-post_type menu-item-object-page menu-item-1274\"><a href=\"https:\/\/test.vh10693.vh.net.pl\/azs_zakopane\/biegi-narciarskie\/\" class=\"elementor-item\">Aktualno\u015bci<\/a><\/li>\n<li class=\"menu-item menu-item-type-post_type menu-item-object-page menu-item-1273\"><a href=\"https:\/\/test.vh10693.vh.net.pl\/azs_zakopane\/biegi-narciarskie-trenerzy\/\" class=\"elementor-item\">Trenerzy<\/a><\/li>\n<\/ul>\t\t\t<\/nav>\n\t\t\t\t\t<div class=\"elementor-menu-toggle\" role=\"button\" tabindex=\"0\" aria-label=\"Menu Toggle\" aria-expanded=\"false\">\n\t\t\t<i aria-hidden=\"true\" role=\"presentation\" class=\"elementor-menu-toggle__icon--open eicon-menu-bar\"><\/i><i aria-hidden=\"true\" role=\"presentation\" class=\"elementor-menu-toggle__icon--close eicon-close\"><\/i>\t\t\t<span class=\"elementor-screen-only\">Menu<\/span>\n\t\t<\/div>\n\t\t\t<nav class=\"elementor-nav-menu--dropdown elementor-nav-menu__container\" role=\"navigation\" aria-hidden=\"true\">\n\t\t\t\t<ul id=\"menu-2-3495bde\" class=\"elementor-nav-menu\"><li class=\"menu-item menu-item-type-post_type menu-item-object-page menu-item-1274\"><a href=\"https:\/\/test.vh10693.vh.net.pl\/azs_zakopane\/biegi-narciarskie\/\" class=\"elementor-item\" tabindex=\"-1\">Aktualno\u015bci<\/a><\/li>\n<li class=\"menu-item menu-item-type-post_type menu-item-object-page menu-item-1273\"><a href=\"https:\/\/test.vh10693.vh.net.pl\/azs_zakopane\/biegi-narciarskie-trenerzy\/\" class=\"elementor-item\" tabindex=\"-1\">Trenerzy<\/a><\/li>\n<\/ul>\t\t\t<\/nav>\n\t\t\t\t\t\t<\/div>\n\t\t\t\t<\/div>\n\t\t\t\t<div class=\"elementor-element elementor-element-9cc7158 elementor-widget elementor-widget-heading\" data-id=\"9cc7158\" data-element_type=\"widget\" data-e-type=\"widget\" data-widget_type=\"heading.default\">\n\t\t\t\t<div class=\"elementor-widget-container\">\n\t\t\t\t\t<h2 class=\"elementor-heading-title elementor-size-default\">BIEGI Narciarskie<\/h2>\t\t\t\t<\/div>\n\t\t\t\t<\/div>\n\t\t\t\t<div class=\"elementor-element elementor-element-3aece52 elementor-nav-menu__align-left elementor-nav-menu--dropdown-none elementor-hidden-desktop elementor-widget elementor-widget-nav-menu\" data-id=\"3aece52\" data-element_type=\"widget\" data-e-type=\"widget\" data-settings=\"{&quot;layout&quot;:&quot;horizontal&quot;,&quot;submenu_icon&quot;:{&quot;value&quot;:&quot;&lt;i class=\\&quot;fas fa-caret-down\\&quot;&gt;&lt;\\\/i&gt;&quot;,&quot;library&quot;:&quot;fa-solid&quot;}}\" data-widget_type=\"nav-menu.default\">\n\t\t\t\t<div class=\"elementor-widget-container\">\n\t\t\t\t\t\t\t\t<nav migration_allowed=\"1\" migrated=\"0\" role=\"navigation\" class=\"elementor-nav-menu--main elementor-nav-menu__container elementor-nav-menu--layout-horizontal e--pointer-none\">\n\t\t\t\t<ul id=\"menu-1-3aece52\" class=\"elementor-nav-menu\"><li class=\"menu-item menu-item-type-post_type menu-item-object-page menu-item-1274\"><a href=\"https:\/\/test.vh10693.vh.net.pl\/azs_zakopane\/biegi-narciarskie\/\" class=\"elementor-item\">Aktualno\u015bci<\/a><\/li>\n<li class=\"menu-item menu-item-type-post_type menu-item-object-page menu-item-1273\"><a href=\"https:\/\/test.vh10693.vh.net.pl\/azs_zakopane\/biegi-narciarskie-trenerzy\/\" class=\"elementor-item\">Trenerzy<\/a><\/li>\n<\/ul>\t\t\t<\/nav>\n\t\t\t\t\t<div class=\"elementor-menu-toggle\" role=\"button\" tabindex=\"0\" aria-label=\"Menu Toggle\" aria-expanded=\"false\">\n\t\t\t<i aria-hidden=\"true\" role=\"presentation\" class=\"elementor-menu-toggle__icon--open eicon-menu-bar\"><\/i><i aria-hidden=\"true\" role=\"presentation\" class=\"elementor-menu-toggle__icon--close eicon-close\"><\/i>\t\t\t<span class=\"elementor-screen-only\">Menu<\/span>\n\t\t<\/div>\n\t\t\t<nav class=\"elementor-nav-menu--dropdown elementor-nav-menu__container\" role=\"navigation\" aria-hidden=\"true\">\n\t\t\t\t<ul id=\"menu-2-3aece52\" class=\"elementor-nav-menu\"><li class=\"menu-item menu-item-type-post_type menu-item-object-page menu-item-1274\"><a href=\"https:\/\/test.vh10693.vh.net.pl\/azs_zakopane\/biegi-narciarskie\/\" class=\"elementor-item\" tabindex=\"-1\">Aktualno\u015bci<\/a><\/li>\n<li class=\"menu-item menu-item-type-post_type menu-item-object-page menu-item-1273\"><a href=\"https:\/\/test.vh10693.vh.net.pl\/azs_zakopane\/biegi-narciarskie-trenerzy\/\" class=\"elementor-item\" tabindex=\"-1\">Trenerzy<\/a><\/li>\n<\/ul>\t\t\t<\/nav>\n\t\t\t\t\t\t<\/div>\n\t\t\t\t<\/div>\n\t\t\t\t\t<\/div>\n\t\t<\/div>\n\t\t\t\t\t<\/div>\n\t\t<\/section>\n\t\t\t\t<section class=\"elementor-section elementor-top-section elementor-element elementor-element-0ba6691 elementor-section-boxed elementor-section-height-default elementor-section-height-default\" data-id=\"0ba6691\" data-element_type=\"section\" data-e-type=\"section\">\n\t\t\t\t\t\t<div class=\"elementor-container elementor-column-gap-default\">\n\t\t\t\t\t<div class=\"elementor-column elementor-col-100 elementor-top-column elementor-element elementor-element-96d9eaf\" data-id=\"96d9eaf\" data-element_type=\"column\" data-e-type=\"column\">\n\t\t\t<div class=\"elementor-widget-wrap elementor-element-populated\">\n\t\t\t\t\t\t<div class=\"elementor-element elementor-element-cd4b20a elementor-widget elementor-widget-text-editor\" data-id=\"cd4b20a\" data-element_type=\"widget\" data-e-type=\"widget\" data-widget_type=\"text-editor.default\">\n\t\t\t\t<div class=\"elementor-widget-container\">\n\t\t\t\t\t\t\t\t\t<p>Zapraszamy dzieci 6-15 lat na zaj\u0119cia od 16.03.2026<\/p><p>Trasy COS Zakopane pod \u015aredni\u0105 Skoczni\u0105<\/p><p>poniedzia\u0142ki 15:30 &#8211; 17:00<br \/>wtorki 15:30 &#8211; 17:00<br \/>czwartki 15:30 &#8211; 17:00<\/p>\t\t\t\t\t\t\t\t<\/div>\n\t\t\t\t<\/div>\n\t\t\t\t\t<\/div>\n\t\t<\/div>\n\t\t\t\t\t<\/div>\n\t\t<\/section>\n\t\t\t\t<\/div>\n\t\t","protected":false},"excerpt":{"rendered":"<p>BIEGI Narciarskie Zapraszamy dzieci 6-15 lat na zaj\u0119cia od 16.03.2026 Trasy COS Zakopane pod \u015aredni\u0105 Skoczni\u0105 poniedzia\u0142ki 15:30 &#8211; 17:00wtorki 15:30 &#8211; 17:00czwartki 15:30 &#8211; 17:00<\/p>\n","protected":false},"author":1,"featured_media":0,"parent":0,"menu_order":0,"comment_status":"closed","ping_status":"closed","template":"elementor_header_footer","meta":{"footnotes":""},"class_list":["post-1245","page","type-page","status-publish","hentry"],"yoast_head":"<!-- This site is optimized with the Yoast SEO Premium plugin v20.8 (Yoast SEO v27.6) - https:\/\/yoast.com\/product\/yoast-seo-premium-wordpress\/ -->\n<title>Biegi Narciarskie - AZS Zakopane<\/title>\n<meta name=\"robots\" content=\"index, follow, max-snippet:-1, max-image-preview:large, max-video-preview:-1\" \/>\n<link rel=\"canonical\" href=\"https:\/\/test.vh10693.vh.net.pl\/azs_zakopane\/biegi-narciarskie\/\" \/>\n<meta property=\"og:locale\" content=\"pl_PL\" \/>\n<meta property=\"og:type\" content=\"article\" \/>\n<meta property=\"og:title\" content=\"Biegi Narciarskie\" \/>\n<meta property=\"og:description\" content=\"BIEGI Narciarskie Zapraszamy dzieci 6-15 lat na zaj\u0119cia od 16.03.2026 Trasy COS Zakopane pod \u015aredni\u0105 Skoczni\u0105 poniedzia\u0142ki 15:30 &#8211; 17:00wtorki 15:30 &#8211; 17:00czwartki 15:30 &#8211; 17:00\" \/>\n<meta property=\"og:url\" content=\"https:\/\/test.vh10693.vh.net.pl\/azs_zakopane\/biegi-narciarskie\/\" \/>\n<meta property=\"og:site_name\" content=\"AZS Zakopane\" \/>\n<meta property=\"article:modified_time\" content=\"2026-03-12T14:28:44+00:00\" \/>\n<meta name=\"twitter:card\" content=\"summary_large_image\" \/>\n<meta name=\"twitter:label1\" content=\"Szacowany czas czytania\" \/>\n\t<meta name=\"twitter:data1\" content=\"1 minuta\" \/>\n<script type=\"application\/ld+json\" class=\"yoast-schema-graph\">{\"@context\":\"https:\\\/\\\/schema.org\",\"@graph\":[{\"@type\":\"WebPage\",\"@id\":\"https:\\\/\\\/test.vh10693.vh.net.pl\\\/azs_zakopane\\\/biegi-narciarskie\\\/\",\"url\":\"https:\\\/\\\/test.vh10693.vh.net.pl\\\/azs_zakopane\\\/biegi-narciarskie\\\/\",\"name\":\"Biegi Narciarskie - AZS Zakopane\",\"isPartOf\":{\"@id\":\"https:\\\/\\\/test.vh10693.vh.net.pl\\\/azs_zakopane\\\/#website\"},\"datePublished\":\"2022-06-17T16:54:44+00:00\",\"dateModified\":\"2026-03-12T14:28:44+00:00\",\"breadcrumb\":{\"@id\":\"https:\\\/\\\/test.vh10693.vh.net.pl\\\/azs_zakopane\\\/biegi-narciarskie\\\/#breadcrumb\"},\"inLanguage\":\"pl-PL\",\"potentialAction\":[{\"@type\":\"ReadAction\",\"target\":[\"https:\\\/\\\/test.vh10693.vh.net.pl\\\/azs_zakopane\\\/biegi-narciarskie\\\/\"]}]},{\"@type\":\"BreadcrumbList\",\"@id\":\"https:\\\/\\\/test.vh10693.vh.net.pl\\\/azs_zakopane\\\/biegi-narciarskie\\\/#breadcrumb\",\"itemListElement\":[{\"@type\":\"ListItem\",\"position\":1,\"name\":\"Home\",\"item\":\"https:\\\/\\\/test.vh10693.vh.net.pl\\\/azs_zakopane\\\/sales-landing-4-4\\\/\"},{\"@type\":\"ListItem\",\"position\":2,\"name\":\"Biegi Narciarskie\"}]},{\"@type\":\"WebSite\",\"@id\":\"https:\\\/\\\/test.vh10693.vh.net.pl\\\/azs_zakopane\\\/#website\",\"url\":\"https:\\\/\\\/test.vh10693.vh.net.pl\\\/azs_zakopane\\\/\",\"name\":\"AZS Zakopane\",\"description\":\"AZS Zakopane\",\"potentialAction\":[{\"@type\":\"SearchAction\",\"target\":{\"@type\":\"EntryPoint\",\"urlTemplate\":\"https:\\\/\\\/test.vh10693.vh.net.pl\\\/azs_zakopane\\\/?s={search_term_string}\"},\"query-input\":{\"@type\":\"PropertyValueSpecification\",\"valueRequired\":true,\"valueName\":\"search_term_string\"}}],\"inLanguage\":\"pl-PL\"}]}<\/script>\n<!-- \/ Yoast SEO Premium plugin. -->","yoast_head_json":{"title":"Biegi Narciarskie - AZS Zakopane","robots":{"index":"index","follow":"follow","max-snippet":"max-snippet:-1","max-image-preview":"max-image-preview:large","max-video-preview":"max-video-preview:-1"},"canonical":"https:\/\/test.vh10693.vh.net.pl\/azs_zakopane\/biegi-narciarskie\/","og_locale":"pl_PL","og_type":"article","og_title":"Biegi Narciarskie","og_description":"BIEGI Narciarskie Zapraszamy dzieci 6-15 lat na zaj\u0119cia od 16.03.2026 Trasy COS Zakopane pod \u015aredni\u0105 Skoczni\u0105 poniedzia\u0142ki 15:30 &#8211; 17:00wtorki 15:30 &#8211; 17:00czwartki 15:30 &#8211; 17:00","og_url":"https:\/\/test.vh10693.vh.net.pl\/azs_zakopane\/biegi-narciarskie\/","og_site_name":"AZS Zakopane","article_modified_time":"2026-03-12T14:28:44+00:00","twitter_card":"summary_large_image","twitter_misc":{"Szacowany czas czytania":"1 minuta"},"schema":{"@context":"https:\/\/schema.org","@graph":[{"@type":"WebPage","@id":"https:\/\/test.vh10693.vh.net.pl\/azs_zakopane\/biegi-narciarskie\/","url":"https:\/\/test.vh10693.vh.net.pl\/azs_zakopane\/biegi-narciarskie\/","name":"Biegi Narciarskie - AZS Zakopane","isPartOf":{"@id":"https:\/\/test.vh10693.vh.net.pl\/azs_zakopane\/#website"},"datePublished":"2022-06-17T16:54:44+00:00","dateModified":"2026-03-12T14:28:44+00:00","breadcrumb":{"@id":"https:\/\/test.vh10693.vh.net.pl\/azs_zakopane\/biegi-narciarskie\/#breadcrumb"},"inLanguage":"pl-PL","potentialAction":[{"@type":"ReadAction","target":["https:\/\/test.vh10693.vh.net.pl\/azs_zakopane\/biegi-narciarskie\/"]}]},{"@type":"BreadcrumbList","@id":"https:\/\/test.vh10693.vh.net.pl\/azs_zakopane\/biegi-narciarskie\/#breadcrumb","itemListElement":[{"@type":"ListItem","position":1,"name":"Home","item":"https:\/\/test.vh10693.vh.net.pl\/azs_zakopane\/sales-landing-4-4\/"},{"@type":"ListItem","position":2,"name":"Biegi Narciarskie"}]},{"@type":"WebSite","@id":"https:\/\/test.vh10693.vh.net.pl\/azs_zakopane\/#website","url":"https:\/\/test.vh10693.vh.net.pl\/azs_zakopane\/","name":"AZS Zakopane","description":"AZS Zakopane","potentialAction":[{"@type":"SearchAction","target":{"@type":"EntryPoint","urlTemplate":"https:\/\/test.vh10693.vh.net.pl\/azs_zakopane\/?s={search_term_string}"},"query-input":{"@type":"PropertyValueSpecification","valueRequired":true,"valueName":"search_term_string"}}],"inLanguage":"pl-PL"}]}},"_links":{"self":[{"href":"https:\/\/test.vh10693.vh.net.pl\/azs_zakopane\/wp-json\/wp\/v2\/pages\/1245","targetHints":{"allow":["GET"]}}],"collection":[{"href":"https:\/\/test.vh10693.vh.net.pl\/azs_zakopane\/wp-json\/wp\/v2\/pages"}],"about":[{"href":"https:\/\/test.vh10693.vh.net.pl\/azs_zakopane\/wp-json\/wp\/v2\/types\/page"}],"author":[{"embeddable":true,"href":"https:\/\/test.vh10693.vh.net.pl\/azs_zakopane\/wp-json\/wp\/v2\/users\/1"}],"replies":[{"embeddable":true,"href":"https:\/\/test.vh10693.vh.net.pl\/azs_zakopane\/wp-json\/wp\/v2\/comments?post=1245"}],"version-history":[{"count":24,"href":"https:\/\/test.vh10693.vh.net.pl\/azs_zakopane\/wp-json\/wp\/v2\/pages\/1245\/revisions"}],"predecessor-version":[{"id":10871,"href":"https:\/\/test.vh10693.vh.net.pl\/azs_zakopane\/wp-json\/wp\/v2\/pages\/1245\/revisions\/10871"}],"wp:attachment":[{"href":"https:\/\/test.vh10693.vh.net.pl\/azs_zakopane\/wp-json\/wp\/v2\/media?parent=1245"}],"curies":[{"name":"wp","href":"https:\/\/api.w.org\/{rel}","templated":true}]}}